{"id":1150,"date":"2023-04-18T10:50:09","date_gmt":"2023-04-18T10:50:09","guid":{"rendered":"https:\/\/iro.khmnu.edu.ua\/?page_id=1150"},"modified":"2026-02-10T12:50:42","modified_gmt":"2026-02-10T10:50:42","slug":"partnerstvo-hmelnyczkogo-naczionalnogo-universytetu-z-krayinamy-chlenamy-programy-erasmus-2016-2023-rr","status":"publish","type":"page","link":"https:\/\/iro.khmnu.edu.ua\/en\/partnerstvo-hmelnyczkogo-naczionalnogo-universytetu-z-krayinamy-chlenamy-programy-erasmus-2016-2023-rr\/","title":{"rendered":"Partnership of Khmelnytskyi National University with member countries of the Erasmus+ Program for 2016-2025"},"content":{"rendered":"<figure class=\"wp-block-table is-style-stripes\"><table><thead><tr><th>Erasmus code<\/th><th>Programme Countries HEIs<\/th><th>Website<\/th><\/tr><\/thead><tbody><tr><td>PL&nbsp;BYDGOSZ02<\/td><td>Bydgoszcz University of Science and Technology<\/td><td><a href=\"https:\/\/pbs.edu.pl\/en\/\">https:\/\/pbs.edu.pl\/en\/<\/a><\/td><\/tr><tr><td>LT&nbsp;KAUNAS05<\/td><td>Aleksandro Stulginskio Universitetas (now \u2013 Vytautas Magnus University Agriculture Academy)<\/td><td><a href=\"https:\/\/zua.vdu.lt\/en\/\">https:\/\/zua.vdu.lt\/en\/<\/a><\/td><\/tr><tr><td>PL&nbsp;BYDGOSZ01<\/td><td>Kazimierz Wielki University<\/td><td><a href=\"https:\/\/www.ukw.edu.pl\/strona\/english\">https:\/\/www.ukw.edu.pl\/strona\/english<\/a><\/td><\/tr><tr><td>A&nbsp;KLAGENF01<\/td><td>University of Klagenfurt<\/td><td><a href=\"https:\/\/www.aau.at\/en\/\">https:\/\/www.aau.at\/en\/<\/a><\/td><\/tr><tr><td>CZ&nbsp;BRNO02<\/td><td>Mendel University in Brno<\/td><td><a href=\"https:\/\/mendelu.cz\/en\/\">https:\/\/mendelu.cz\/en\/<\/a><\/td><\/tr><tr><td>PL&nbsp;POZNAN01<\/td><td>Adam Mickiewicz University, Pozna\u0144<\/td><td><a href=\"https:\/\/amu.edu.pl\/en\">https:\/\/amu.edu.pl\/en<\/a><\/td><\/tr><tr><td>PL&nbsp;KALISZ01<\/td><td>University of Kalisz<\/td><td><a href=\"https:\/\/uniwersytetkaliski.edu.pl\/en\/home-page\/\">https:\/\/uniwersytetkaliski.edu.pl\/en\/home-page\/<\/a><\/td><\/tr><tr><td>TR&nbsp;ERZURUM01<\/td><td>Atat\u00fcrk University<\/td><td><a href=\"https:\/\/atauni.edu.tr\/\">https:\/\/atauni.edu.tr\/<\/a><\/td><\/tr><tr><td>PL&nbsp;DABROWA01<\/td><td>WSB University<\/td><td><a href=\"https:\/\/wsb.edu.pl\/en\">https:\/\/wsb.edu.pl\/en<\/a><\/td><\/tr><tr><td>TR&nbsp;BURDUR01<\/td><td>Burdur Mehmet Akif Ersoy University<\/td><td><a href=\"https:\/\/www.mehmetakif.edu.tr\/en\">https:\/\/www.mehmetakif.edu.tr\/en<\/a><\/td><\/tr><tr><td>LT&nbsp;KAUNAS01<\/td><td>Vytautas Magnus University<\/td><td><a href=\"https:\/\/www.vdu.lt\/en\/\">https:\/\/www.vdu.lt\/en\/<\/a><\/td><\/tr><tr><td>PL&nbsp;KIELCE01<\/td><td>Kielce University of Technology<\/td><td><a href=\"https:\/\/international.tu.kielce.pl\/kut-for-ukraine\/\">https:\/\/international.tu.kielce.pl\/kut-for-ukraine\/<\/a><\/td><\/tr><tr><td>RO&nbsp;IASI02<\/td><td>Alexandru Ioan Cuza University of Ia\u0219i<\/td><td><a href=\"https:\/\/www.uaic.ro\/en\/\">https:\/\/www.uaic.ro\/en\/<\/a><\/td><\/tr><tr><td>CZ&nbsp;OLOMOUC01<\/td><td>Palack\u00fd University Olomouc<\/td><td><a href=\"https:\/\/www.upol.cz\/en\/\">https:\/\/www.upol.cz\/en\/<\/a><\/td><\/tr><tr><td>LV&nbsp;RIGA28<\/td><td>Baltic International Academy<\/td><td><a href=\"https:\/\/bsa.edu.lv\/en\/\">https:\/\/bsa.edu.lv\/en\/<\/a><\/td><\/tr><tr><td>CZ&nbsp;LIBEREC01<\/td><td>Technical University of Liberec<\/td><td><a href=\"https:\/\/www.tul.cz\/en\/home-page\/\">https:\/\/www.tul.cz\/en\/home-page\/<\/a><\/td><\/tr><tr><td>MK SKOPJE04<\/td><td>International Balkan University<\/td><td><a href=\"https:\/\/www.ibu.edu.mk\/\">https:\/\/www.ibu.edu.mk\/<\/a><\/td><\/tr><tr><td>HR RIJEKA03<\/td><td>PAR University of Applied Sciences<\/td><td><a href=\"https:\/\/par.hr\/en\/par\/\">https:\/\/par.hr\/en\/par\/<\/a><\/td><\/tr><tr><td>SK BRATISL01<\/td><td>Slovak University of Technology in Bratislava<\/td><td><a href=\"https:\/\/www.stuba.sk\/english.html?page_id=132\">https:\/\/www.stuba.sk\/english.html?page_id=132<\/a><\/td><\/tr><tr><td>PL BIALYST01<\/td><td>Bialystok University of Technology<\/td><td><a href=\"https:\/\/pb.edu.pl\/en\/\">https:\/\/pb.edu.pl\/en\/<\/a><\/td><\/tr><tr><td>D DRESDEN02<\/td><td>TUD Dresden University of Technology<\/td><td><a href=\"https:\/\/tu-dresden.de\/\">https:\/\/tu-dresden.de\/<\/a><\/td><\/tr><tr><td>PL GLIWICE01<\/td><td>Silesian University of Technology<\/td><td><a href=\"https:\/\/www.polsl.pl\/en\/\">https:\/\/www.polsl.pl\/en\/<\/a><\/td><\/tr><tr><td>PL KWIDZYN01<\/td><td>Powi\u015bla\u0144ska Academy of Applied Sciences<\/td><td><a href=\"https:\/\/powislanska.edu.pl\/\">https:\/\/powislanska.edu.pl\/<\/a><\/td><\/tr><tr><td>PL BYDGOSZ08<\/td><td>Kujawy and Pomorze University in Bydgoszcz<\/td><td><a href=\"https:\/\/akp.bydgoszcz.pl\/ua\">https:\/\/akp.bydgoszcz.pl\/ua<\/a><\/td><\/tr><tr><td>LT SIAULIA03<\/td><td>\u0160iauli\u0173 valstybin\u0117 kolegija<\/td><td><a href=\"https:\/\/www.svako.lt\/en\">https:\/\/www.svako.lt\/en<\/a><\/td><\/tr><\/tbody><\/table><\/figure>\n\n\n\n<p><\/p>\n\n\n\n<p><\/p>\n\n\n\n<p><\/p>","protected":false},"excerpt":{"rendered":"<p>\u041a\u043e\u0434 \u0415\u0440\u0430\u0437\u043c\u0443\u0441 \u0417\u0412\u041e \u043a\u0440\u0430\u0457\u043d-\u0447\u043b\u0435\u043d\u0456\u0432 \u043f\u0440\u043e\u0433\u0440\u0430\u043c\u0438 \u0412\u0435\u0431\u0441\u0430\u0439\u0442 PL&nbsp;BYDGOSZ02 \u0411\u0438\u0434\u0433\u043e\u0441\u044c\u043a\u0430 \u041f\u043e\u043b\u0456\u0442\u0435\u0445\u043d\u0456\u043a\u0430 \u0456\u043c. \u042f\u043d\u0430 \u0456 \u0404\u043d\u0434\u0436\u0435\u044f \u0421\u043d\u044f\u0434\u0435\u0446\u044c\u043a\u0438\u0445 https:\/\/pbs.edu.pl\/en\/ LT&nbsp;KAUNAS05 \u0423\u043d\u0456\u0432\u0435\u0440\u0441\u0438\u0442\u0435\u0442 \u0410\u043b\u0435\u043a\u0441\u0430\u043d\u0434\u0440\u0430\u0441\u0430 \u0421\u0442\u0443\u043b\u044c\u0433\u0456\u043d\u0441\u043a\u0456\u0441\u0430 (\u0437\u0430\u0440\u0430\u0437 \u2013 \u0421\u0456\u043b\u044c\u0441\u044c\u043a\u043e\u0433\u043e\u0441\u043f\u043e\u0434\u0430\u0440\u0441\u044c\u043a\u0430 \u0430\u043a\u0430\u0434\u0435\u043c\u0456\u044f \u0423\u043d\u0456\u0432\u0435\u0440\u0441\u0438\u0442\u0435\u0442\u0443 \u0456\u043c\u0435\u043d\u0456 \u0412\u0456\u0442\u043e\u0432\u0442\u0430 \u0412\u0435\u043b\u0438\u043a\u043e\u0433\u043e) https:\/\/zua.vdu.lt\/en\/ PL&nbsp;BYDGOSZ01 \u0423\u043d\u0456\u0432\u0435\u0440\u0441\u0438\u0442\u0435\u0442&hellip;&nbsp;<a href=\"https:\/\/iro.khmnu.edu.ua\/en\/partnerstvo-hmelnyczkogo-naczionalnogo-universytetu-z-krayinamy-chlenamy-programy-erasmus-2016-2023-rr\/\" rel=\"bookmark\">Read More &raquo;<span class=\"screen-reader-text\">Partnership of Khmelnytskyi National University with member countries of the Erasmus+ Program for 2016-2025<\/span><\/a><\/p>","protected":false},"author":4,"featured_media":0,"parent":0,"menu_order":0,"comment_status":"closed","ping_status":"closed","template":"","meta":{"_coblocks_attr":"","_coblocks_dimensions":"","_coblocks_responsive_height":"","_coblocks_accordion_ie_support":"","neve_meta_sidebar":"","neve_meta_container":"","neve_meta_enable_content_width":"","neve_meta_content_width":0,"neve_meta_title_alignment":"","neve_meta_author_avatar":"","neve_post_elements_order":"","neve_meta_disable_header":"","neve_meta_disable_footer":"","neve_meta_disable_title":"","_EventAllDay":false,"_EventTimezone":"","_EventStartDate":"","_EventEndDate":"","_EventStartDateUTC":"","_EventEndDateUTC":"","_EventShowMap":false,"_EventShowMapLink":false,"_EventURL":"","_EventCost":"","_EventCostDescription":"","_EventCurrencySymbol":"","_EventCurrencyCode":"","_EventCurrencyPosition":"","_EventDateTimeSeparator":"","_EventTimeRangeSeparator":"","_EventOrganizerID":[],"_EventVenueID":[],"_OrganizerEmail":"","_OrganizerPhone":"","_OrganizerWebsite":"","_VenueAddress":"","_VenueCity":"","_VenueCountry":"","_VenueProvince":"","_VenueState":"","_VenueZip":"","_VenuePhone":"","_VenueURL":"","_VenueStateProvince":"","_VenueLat":"","_VenueLng":"","_VenueShowMap":false,"_VenueShowMapLink":false,"footnotes":""},"class_list":["post-1150","page","type-page","status-publish","hentry"],"_links":{"self":[{"href":"https:\/\/iro.khmnu.edu.ua\/en\/wp-json\/wp\/v2\/pages\/1150","targetHints":{"allow":["GET"]}}],"collection":[{"href":"https:\/\/iro.khmnu.edu.ua\/en\/wp-json\/wp\/v2\/pages"}],"about":[{"href":"https:\/\/iro.khmnu.edu.ua\/en\/wp-json\/wp\/v2\/types\/page"}],"author":[{"embeddable":true,"href":"https:\/\/iro.khmnu.edu.ua\/en\/wp-json\/wp\/v2\/users\/4"}],"replies":[{"embeddable":true,"href":"https:\/\/iro.khmnu.edu.ua\/en\/wp-json\/wp\/v2\/comments?post=1150"}],"version-history":[{"count":30,"href":"https:\/\/iro.khmnu.edu.ua\/en\/wp-json\/wp\/v2\/pages\/1150\/revisions"}],"predecessor-version":[{"id":7785,"href":"https:\/\/iro.khmnu.edu.ua\/en\/wp-json\/wp\/v2\/pages\/1150\/revisions\/7785"}],"wp:attachment":[{"href":"https:\/\/iro.khmnu.edu.ua\/en\/wp-json\/wp\/v2\/media?parent=1150"}],"curies":[{"name":"wp","href":"https:\/\/api.w.org\/{rel}","templated":true}]}}